{"id":928,"date":"2025-01-13T12:40:51","date_gmt":"2025-01-13T12:40:51","guid":{"rendered":"https:\/\/yuanyu.com.tr\/contact\/"},"modified":"2025-01-16T10:29:09","modified_gmt":"2025-01-16T10:29:09","slug":"contact","status":"publish","type":"page","link":"https:\/\/yuanyu.com.tr\/en\/contact\/","title":{"rendered":"Contact"},"content":{"rendered":"\t\t<div data-elementor-type=\"wp-page\" data-elementor-id=\"928\" class=\"elementor elementor-928\">\n\t\t\t\t<div class=\"elementor-element elementor-element-35c3058 e-flex e-con-boxed e-con e-parent\" data-id=\"35c3058\" data-element_type=\"container\" data-e-type=\"container\" data-settings=\"{&quot;ekit_has_onepagescroll_dot&quot;:&quot;yes&quot;}\">\n\t\t\t\t\t<div class=\"e-con-inner\">\n\t\t\t\t<div class=\"elementor-element elementor-element-61e36f1 elementor-widget elementor-widget-heading\" data-id=\"61e36f1\" data-element_type=\"widget\" data-e-type=\"widget\" data-settings=\"{&quot;ekit_we_effect_on&quot;:&quot;none&quot;}\" data-widget_type=\"heading.default\">\n\t\t\t\t<div class=\"elementor-widget-container\">\n\t\t\t\t\t<h2 class=\"elementor-heading-title elementor-size-default\">Contact<\/h2>\t\t\t\t<\/div>\n\t\t\t\t<\/div>\n\t\t\t\t<div class=\"elementor-element elementor-element-593d4c1 elementor-widget-divider--view-line elementor-widget elementor-widget-divider\" data-id=\"593d4c1\" data-element_type=\"widget\" data-e-type=\"widget\" data-settings=\"{&quot;ekit_we_effect_on&quot;:&quot;none&quot;}\" data-widget_type=\"divider.default\">\n\t\t\t\t<div class=\"elementor-widget-container\">\n\t\t\t\t\t\t\t<div class=\"elementor-divider\">\n\t\t\t<span class=\"elementor-divider-separator\">\n\t\t\t\t\t\t<\/span>\n\t\t<\/div>\n\t\t\t\t\t\t<\/div>\n\t\t\t\t<\/div>\n\t\t\t\t\t<\/div>\n\t\t\t\t<\/div>\n\t\t<div class=\"elementor-element elementor-element-a4ebdda e-flex e-con-boxed e-con e-parent\" data-id=\"a4ebdda\" data-element_type=\"container\" data-e-type=\"container\" data-settings=\"{&quot;background_background&quot;:&quot;classic&quot;,&quot;ekit_has_onepagescroll_dot&quot;:&quot;yes&quot;}\">\n\t\t\t\t\t<div class=\"e-con-inner\">\n\t\t<div class=\"elementor-element elementor-element-5e89c60 e-grid e-con-boxed e-con e-child\" data-id=\"5e89c60\" data-element_type=\"container\" data-e-type=\"container\" data-settings=\"{&quot;background_background&quot;:&quot;classic&quot;,&quot;ekit_has_onepagescroll_dot&quot;:&quot;yes&quot;}\">\n\t\t\t\t\t<div class=\"e-con-inner\">\n\t\t<div class=\"elementor-element elementor-element-00556bf e-con-full e-flex e-con e-child\" data-id=\"00556bf\" data-element_type=\"container\" data-e-type=\"container\" data-settings=\"{&quot;ekit_has_onepagescroll_dot&quot;:&quot;yes&quot;}\">\n\t\t\t\t<div class=\"elementor-element elementor-element-9f598f8 elementor-widget elementor-widget-heading\" data-id=\"9f598f8\" data-element_type=\"widget\" data-e-type=\"widget\" data-settings=\"{&quot;ekit_we_effect_on&quot;:&quot;none&quot;}\" data-widget_type=\"heading.default\">\n\t\t\t\t<div class=\"elementor-widget-container\">\n\t\t\t\t\t<h2 class=\"elementor-heading-title elementor-size-default\">Avantaj Makine San. And Tic. A.S.  <\/h2>\t\t\t\t<\/div>\n\t\t\t\t<\/div>\n\t\t\t\t<div class=\"elementor-element elementor-element-6223aff elementor-widget__width-initial elementor-widget elementor-widget-text-editor\" data-id=\"6223aff\" data-element_type=\"widget\" data-e-type=\"widget\" data-settings=\"{&quot;ekit_we_effect_on&quot;:&quot;none&quot;}\" data-widget_type=\"text-editor.default\">\n\t\t\t\t<div class=\"elementor-widget-container\">\n\t\t\t\t\t\t\t\t\t<h4 class=\"info-box-title title box-title-style-default wd-fontsize-m\" data-elementor-setting-key=\"title\">Office Address<\/h4>\n<div class=\"info-box-inner reset-last-child\" data-elementor-setting-key=\"content\">\n<p>Yeni\u015fehir Mah. Akkaya Sok. Yolkent Sit. C-Block, No:2 Pendik, 34912 Istanbul     <\/p>\n<p>Mobile : +90 532 576 2984 <\/p>\n<p>Phone : +90 216 685 1249 <\/p>\n<p>Fax : +90 216 685 1258 <\/p>\n<p>  0216 639 4142<\/p>\n<p>E-mail: <a href=\"mailto:info@yuanyu.com.tr\">info@yuanyu.com.tr<\/a>           <\/p>\n<\/div>\n\t\t\t\t\t\t\t\t<\/div>\n\t\t\t\t<\/div>\n\t\t\t\t<\/div>\n\t\t\t\t<div class=\"elementor-element elementor-element-2d2df56 elementor-widget elementor-widget-google_maps\" data-id=\"2d2df56\" data-element_type=\"widget\" data-e-type=\"widget\" data-settings=\"{&quot;ekit_we_effect_on&quot;:&quot;none&quot;}\" data-widget_type=\"google_maps.default\">\n\t\t\t\t<div class=\"elementor-widget-container\">\n\t\t\t\t\t\t\t<div class=\"elementor-custom-embed\">\n\t\t\t<iframe loading=\"lazy\"\n\t\t\t\t\tsrc=\"https:\/\/maps.google.com\/maps?q=Yeni%C5%9Fehir%20Mah.%20Akkaya%20Sok.Pendik%2C%2034912-%C4%B0stanbul%2C%20T%C3%BCrkiye&#038;t=m&#038;z=10&#038;output=embed&#038;iwloc=near\"\n\t\t\t\t\ttitle=\"Yeni\u015fehir Mah. Akkaya Sok.Pendik, 34912-\u0130stanbul, T\u00fcrkiye\"\n\t\t\t\t\taria-label=\"Yeni\u015fehir Mah. Akkaya Sok.Pendik, 34912-\u0130stanbul, T\u00fcrkiye\"\n\t\t\t><\/iframe>\n\t\t<\/div>\n\t\t\t\t\t\t<\/div>\n\t\t\t\t<\/div>\n\t\t\t\t\t<\/div>\n\t\t\t\t<\/div>\n\t\t\t\t\t<\/div>\n\t\t\t\t<\/div>\n\t\t\t\t<\/div>\n\t\t","protected":false},"excerpt":{"rendered":"<p>Contact Avantaj Makine San. And Tic. A.S. Office Address Yeni\u015fehir Mah. Akkaya Sok. Yolkent Sit. C-Block, No:2 Pendik, 34912 Istanbul Mobile : +90 532 576 2984 Phone : +90 216 685 1249 Fax : +90 216 685 1258 0216 639 4142 E-mail: info@yuanyu.com.tr<\/p>\n","protected":false},"author":1,"featured_media":0,"parent":0,"menu_order":0,"comment_status":"closed","ping_status":"closed","template":"","meta":{"footnotes":""},"class_list":["post-928","page","type-page","status-publish","hentry"],"_links":{"self":[{"href":"https:\/\/yuanyu.com.tr\/en\/wp-json\/wp\/v2\/pages\/928","targetHints":{"allow":["GET"]}}],"collection":[{"href":"https:\/\/yuanyu.com.tr\/en\/wp-json\/wp\/v2\/pages"}],"about":[{"href":"https:\/\/yuanyu.com.tr\/en\/wp-json\/wp\/v2\/types\/page"}],"author":[{"embeddable":true,"href":"https:\/\/yuanyu.com.tr\/en\/wp-json\/wp\/v2\/users\/1"}],"replies":[{"embeddable":true,"href":"https:\/\/yuanyu.com.tr\/en\/wp-json\/wp\/v2\/comments?post=928"}],"version-history":[{"count":1,"href":"https:\/\/yuanyu.com.tr\/en\/wp-json\/wp\/v2\/pages\/928\/revisions"}],"predecessor-version":[{"id":929,"href":"https:\/\/yuanyu.com.tr\/en\/wp-json\/wp\/v2\/pages\/928\/revisions\/929"}],"wp:attachment":[{"href":"https:\/\/yuanyu.com.tr\/en\/wp-json\/wp\/v2\/media?parent=928"}],"curies":[{"name":"wp","href":"https:\/\/api.w.org\/{rel}","templated":true}]}}